{"id":398,"date":"2019-08-29T11:12:25","date_gmt":"2019-08-29T14:12:25","guid":{"rendered":"https:\/\/gftecnologia.com.br\/sistema\/?page_id=398"},"modified":"2021-07-22T13:36:56","modified_gmt":"2021-07-22T16:36:56","slug":"home","status":"publish","type":"page","link":"https:\/\/gftecnologia.com.br\/sistema\/","title":{"rendered":""},"content":{"rendered":"<div id=\"pl-398\"  class=\"panel-layout\" ><div id=\"pg-398-0\"  class=\"panel-grid panel-has-style\" ><div class=\"formatosGrandes siteorigin-panels-stretch panel-row-style panel-row-style-for-398-0\" data-stretch-type=\"full-stretched-padded\" ><div id=\"pgc-398-0-0\"  class=\"panel-grid-cell panel-grid-cell-empty\" ><\/div><\/div><\/div><div id=\"pg-398-1\"  class=\"panel-grid panel-has-style\" ><div class=\"siteorigin-panels-stretch panel-row-style panel-row-style-for-398-1\" data-stretch-type=\"full-stretched-padded\" ><div id=\"pgc-398-1-0\"  class=\"panel-grid-cell\" ><div id=\"panel-398-1-0-0\" class=\"so-panel widget widget_sow-editor panel-first-child\" data-index=\"0\" ><div class=\"so-widget-sow-editor so-widget-sow-editor-base\">\n<div class=\"siteorigin-widget-tinymce textwidget\">\n\t<h2 data-aos=\"fade-left\">Venda em 3 cliques:<\/h2>\n<p data-aos=\"fade-left\">Ideal para lojas de <strong>material para constru\u00e7\u00e3o;<\/strong><\/p>\n<p data-aos=\"fade-left\">Cliente, produto e pagamento. <em>Simples assim<\/em> !! Emiss\u00e3o de or\u00e7amento, SAT e NF-e de maneira simples;<\/p>\n<p data-aos=\"fade-left\">O melhor para sua loja: Vendas com expedi\u00e7\u00e3o, controle de recibo em carteira, or\u00e7amento por e-mail e Whatsapp\u00a0 e muito mais.<\/p>\n<p data-aos=\"fade-left\">\n<\/div>\n<\/div><\/div><div id=\"panel-398-1-0-1\" class=\"so-panel widget widget_sow-button panel-last-child\" data-index=\"1\" ><div class=\"so-widget-sow-button so-widget-sow-button-flat-5c9de4d82cbc\"><div class=\"ow-button-base ow-button-align-right\">\n\t<a href=\"https:\/\/www.gftecnologia.com.br\/entrar-em-contato-conosco\" class=\"ow-icon-placement-left ow-button-hover\" target=\"_blank\" rel=\"noopener noreferrer\" \t\t>\n\t\t<span>\n\t\t\t\n\t\t\tEntre em contato\t\t<\/span>\n\t<\/a>\n<\/div>\n<\/div><\/div><\/div><div id=\"pgc-398-1-1\"  class=\"panel-grid-cell\" ><div id=\"panel-398-1-1-0\" class=\"so-panel widget widget_sow-editor panel-first-child panel-last-child\" data-index=\"2\" ><div class=\"so-widget-sow-editor so-widget-sow-editor-base\">\n<div class=\"siteorigin-widget-tinymce textwidget\">\n\t<p><img decoding=\"async\" loading=\"lazy\" data-aos=\"fade-right\" class=\"alignright size-full wp-image-841\" src=\"https:\/\/gftecnologia.com.br\/sistema\/wp-content\/uploads\/2021\/05\/imgVenda_em_tres_v01.png\" alt=\"\" width=\"1131\" height=\"324\" srcset=\"https:\/\/gftecnologia.com.br\/sistema\/wp-content\/uploads\/2021\/05\/imgVenda_em_tres_v01.png 1131w, https:\/\/gftecnologia.com.br\/sistema\/wp-content\/uploads\/2021\/05\/imgVenda_em_tres_v01-300x86.png 300w, https:\/\/gftecnologia.com.br\/sistema\/wp-content\/uploads\/2021\/05\/imgVenda_em_tres_v01-768x220.png 768w, https:\/\/gftecnologia.com.br\/sistema\/wp-content\/uploads\/2021\/05\/imgVenda_em_tres_v01-1024x293.png 1024w\" sizes=\"(max-width: 1131px) 100vw, 1131px\" \/><\/p>\n<\/div>\n<\/div><\/div><\/div><\/div><\/div><div id=\"pg-398-2\"  class=\"panel-grid panel-has-style\" ><div class=\"siteorigin-panels-stretch panel-row-style panel-row-style-for-398-2\" id=\"dG\" data-stretch-type=\"full-stretched-padded\" ><div id=\"pgc-398-2-0\"  class=\"panel-grid-cell panel-grid-cell-empty\" ><\/div><div id=\"pgc-398-2-1\"  class=\"panel-grid-cell\" ><div id=\"panel-398-2-1-0\" class=\"so-panel widget widget_sow-editor panel-first-child\" data-index=\"3\" ><div class=\"panel-widget-style panel-widget-style-for-398-2-1-0\" ><div class=\"so-widget-sow-editor so-widget-sow-editor-base\">\n<div class=\"siteorigin-widget-tinymce textwidget\">\n\t<h2 data-aos=\"fade-right\">Formas de Pagamento<\/h2>\n<p data-aos=\"fade-right\">Totalmente personaliz\u00e1vel;<br \/>\nDefina qual a forma de pagamento \u00e9 aceita pelo seu estabelecimento;<br \/>\nDinheiro, cheque, boleto banc\u00e1rio, recibo em carteira, PIX, transfer\u00eancia banc\u00e1ria;<br \/>\nControle de caixa de acordo com a forma de pagamento.<\/p>\n<\/div>\n<\/div><\/div><\/div><div id=\"panel-398-2-1-1\" class=\"so-panel widget widget_sow-button panel-last-child\" data-index=\"4\" ><div class=\"so-widget-sow-button so-widget-sow-button-flat-5c9de4d82cbc\"><div class=\"ow-button-base ow-button-align-left\">\n\t<a href=\"https:\/\/www.gftecnologia.com.br\/entrar-em-contato-conosco\" class=\"ow-icon-placement-left ow-button-hover\" target=\"_blank\" rel=\"noopener noreferrer\" \t\t>\n\t\t<span>\n\t\t\t\n\t\t\tEntre em contato\t\t<\/span>\n\t<\/a>\n<\/div>\n<\/div><\/div><\/div><\/div><\/div><div id=\"pg-398-3\"  class=\"panel-grid panel-has-style\" ><div class=\"siteorigin-panels-stretch panel-row-style panel-row-style-for-398-3\" data-stretch-type=\"full-stretched-padded\" ><div id=\"pgc-398-3-0\"  class=\"panel-grid-cell\" ><div id=\"panel-398-3-0-0\" class=\"so-panel widget widget_sow-editor panel-first-child\" data-index=\"5\" ><div class=\"so-widget-sow-editor so-widget-sow-editor-base\">\n<div class=\"siteorigin-widget-tinymce textwidget\">\n\t<h2 data-aos=\"fade-left\">Controle Financeiro:<\/h2>\n<p data-aos=\"fade-left\">Controle de movimento de caixa di\u00e1rio;<br \/>\nContas a pagar e receber;<br \/>\nFluxo de caixa : Defina suas contas e controle tudo de um \u00fanico lugar;<br \/>\nMuito mais controle para sua empresa.<\/p>\n<\/div>\n<\/div><\/div><div id=\"panel-398-3-0-1\" class=\"so-panel widget widget_sow-button panel-last-child\" data-index=\"6\" ><div class=\"so-widget-sow-button so-widget-sow-button-flat-5c9de4d82cbc\"><div class=\"ow-button-base ow-button-align-right\">\n\t<a href=\"https:\/\/www.gftecnologia.com.br\/entrar-em-contato-conosco\" class=\"ow-icon-placement-left ow-button-hover\" target=\"_blank\" rel=\"noopener noreferrer\" \t\t>\n\t\t<span>\n\t\t\t\n\t\t\tEntre em contato\t\t<\/span>\n\t<\/a>\n<\/div>\n<\/div><\/div><\/div><div id=\"pgc-398-3-1\"  class=\"panel-grid-cell\" ><div id=\"panel-398-3-1-0\" class=\"so-panel widget widget_sow-editor panel-first-child panel-last-child\" data-index=\"7\" ><div class=\"so-widget-sow-editor so-widget-sow-editor-base\">\n<div class=\"siteorigin-widget-tinymce textwidget\">\n\t<p><img decoding=\"async\" loading=\"lazy\" data-aos=\"fade-right\" class=\"alignright size-full wp-image-850\" src=\"https:\/\/gftecnologia.com.br\/sistema\/wp-content\/uploads\/2021\/05\/imgControle_financeiro_v01.png\" alt=\"\" width=\"1055\" height=\"348\" srcset=\"https:\/\/gftecnologia.com.br\/sistema\/wp-content\/uploads\/2021\/05\/imgControle_financeiro_v01.png 1055w, https:\/\/gftecnologia.com.br\/sistema\/wp-content\/uploads\/2021\/05\/imgControle_financeiro_v01-300x99.png 300w, https:\/\/gftecnologia.com.br\/sistema\/wp-content\/uploads\/2021\/05\/imgControle_financeiro_v01-768x253.png 768w, https:\/\/gftecnologia.com.br\/sistema\/wp-content\/uploads\/2021\/05\/imgControle_financeiro_v01-1024x338.png 1024w\" sizes=\"(max-width: 1055px) 100vw, 1055px\" \/><\/p>\n<\/div>\n<\/div><\/div><\/div><\/div><\/div><div id=\"pg-398-4\"  class=\"panel-grid panel-has-style\" ><div class=\"siteorigin-panels-stretch panel-row-style panel-row-style-for-398-4\" id=\"dG\" data-stretch-type=\"full-stretched-padded\" ><div id=\"pgc-398-4-0\"  class=\"panel-grid-cell panel-grid-cell-empty\" ><\/div><div id=\"pgc-398-4-1\"  class=\"panel-grid-cell\" ><div id=\"panel-398-4-1-0\" class=\"so-panel widget widget_sow-editor panel-first-child\" data-index=\"8\" ><div class=\"panel-widget-style panel-widget-style-for-398-4-1-0\" ><div class=\"so-widget-sow-editor so-widget-sow-editor-base\">\n<div class=\"siteorigin-widget-tinymce textwidget\">\n\t<h2 data-aos=\"fade-right\">Suporte em tempo real:<\/h2>\n<p data-aos=\"fade-right\">Experi\u00eancia e qualidade no atendimento<br \/>\nPronto para quando voc\u00ea precisar<br \/>\nAtendimento preciso e personalizado<\/p>\n<\/div>\n<\/div><\/div><\/div><div id=\"panel-398-4-1-1\" class=\"so-panel widget widget_sow-button panel-last-child\" data-index=\"9\" ><div class=\"so-widget-sow-button so-widget-sow-button-flat-5c9de4d82cbc\"><div class=\"ow-button-base ow-button-align-left\">\n\t<a href=\"https:\/\/www.gftecnologia.com.br\/entrar-em-contato-conosco\" class=\"ow-icon-placement-left ow-button-hover\" target=\"_blank\" rel=\"noopener noreferrer\" \t\t>\n\t\t<span>\n\t\t\t\n\t\t\tEntre em contato\t\t<\/span>\n\t<\/a>\n<\/div>\n<\/div><\/div><\/div><\/div><\/div><div id=\"pg-398-5\"  class=\"panel-grid panel-has-style\" ><div class=\"siteorigin-panels-stretch panel-row-style panel-row-style-for-398-5\" data-stretch-type=\"full-stretched-padded\" ><div id=\"pgc-398-5-0\"  class=\"panel-grid-cell\" ><div id=\"panel-398-5-0-0\" class=\"so-panel widget widget_sow-editor panel-first-child\" data-index=\"10\" ><div class=\"so-widget-sow-editor so-widget-sow-editor-base\">\n<div class=\"siteorigin-widget-tinymce textwidget\">\n\t<h2 data-aos=\"fade-left\">Venda balc\u00e3o e e-commerce:<\/h2>\n<p data-aos=\"fade-left\">Simplifique as vendas para seus clientes<br \/>\nIncluso sistema de pr\u00e9-venda no balc\u00e3o e fechamento no caixa<br \/>\nEnvie seus produtos para sua loja virtual e tenha o melhor desempenho<br \/>\nSistema E-commerce integrado ao SIW com importa\u00e7\u00e3o de vendas<\/p>\n<\/div>\n<\/div><\/div><div id=\"panel-398-5-0-1\" class=\"so-panel widget widget_sow-button panel-last-child\" data-index=\"11\" ><div class=\"so-widget-sow-button so-widget-sow-button-flat-5c9de4d82cbc\"><div class=\"ow-button-base ow-button-align-right\">\n\t<a href=\"https:\/\/www.gftecnologia.com.br\/entrar-em-contato-conosco\" class=\"ow-icon-placement-left ow-button-hover\" target=\"_blank\" rel=\"noopener noreferrer\" \t\t>\n\t\t<span>\n\t\t\t\n\t\t\tEntre em contato\t\t<\/span>\n\t<\/a>\n<\/div>\n<\/div><\/div><\/div><div id=\"pgc-398-5-1\"  class=\"panel-grid-cell\" ><div id=\"panel-398-5-1-0\" class=\"so-panel widget widget_sow-editor panel-first-child panel-last-child\" data-index=\"12\" ><div class=\"so-widget-sow-editor so-widget-sow-editor-base\">\n<div class=\"siteorigin-widget-tinymce textwidget\">\n\t<p><img decoding=\"async\" loading=\"lazy\" data-aos=\"fade-right\" class=\"alignright size-full wp-image-866\" src=\"https:\/\/gftecnologia.com.br\/sistema\/wp-content\/uploads\/2021\/05\/img_balcaoEcommerce.png\" alt=\"\" width=\"1093\" height=\"348\" srcset=\"https:\/\/gftecnologia.com.br\/sistema\/wp-content\/uploads\/2021\/05\/img_balcaoEcommerce.png 1093w, https:\/\/gftecnologia.com.br\/sistema\/wp-content\/uploads\/2021\/05\/img_balcaoEcommerce-300x96.png 300w, https:\/\/gftecnologia.com.br\/sistema\/wp-content\/uploads\/2021\/05\/img_balcaoEcommerce-768x245.png 768w, https:\/\/gftecnologia.com.br\/sistema\/wp-content\/uploads\/2021\/05\/img_balcaoEcommerce-1024x326.png 1024w\" sizes=\"(max-width: 1093px) 100vw, 1093px\" \/><\/p>\n<\/div>\n<\/div><\/div><\/div><\/div><\/div><div id=\"pg-398-6\"  class=\"panel-grid panel-has-style\" ><div class=\"siteorigin-panels-stretch panel-row-style panel-row-style-for-398-6\" id=\"dG\" data-stretch-type=\"full-stretched-padded\" ><div id=\"pgc-398-6-0\"  class=\"panel-grid-cell panel-grid-cell-empty\" ><\/div><div id=\"pgc-398-6-1\"  class=\"panel-grid-cell\" ><div id=\"panel-398-6-1-0\" class=\"so-panel widget widget_sow-editor panel-first-child\" data-index=\"13\" ><div class=\"panel-widget-style panel-widget-style-for-398-6-1-0\" ><div class=\"so-widget-sow-editor so-widget-sow-editor-base\">\n<div class=\"siteorigin-widget-tinymce textwidget\">\n\t<h2 data-aos=\"fade-right\">Treinamento online:<\/h2>\n<p data-aos=\"fade-right\">V\u00eddeo aula exclusiva e totalmente gratis;<br \/>\nTemos certeza que o melhor investimento \u00e9 o treinamento de pessoas;<br \/>\nTreine sua equipe gratuitamente atrav\u00e9s de nossos v\u00eddeos exclusivos;<br \/>\nMelhor aproveitamento dos m\u00f3dulos.<\/p>\n<\/div>\n<\/div><\/div><\/div><div id=\"panel-398-6-1-1\" class=\"so-panel widget widget_sow-button panel-last-child\" data-index=\"14\" ><div class=\"so-widget-sow-button so-widget-sow-button-flat-5c9de4d82cbc\"><div class=\"ow-button-base ow-button-align-left\">\n\t<a href=\"https:\/\/www.gftecnologia.com.br\/entrar-em-contato-conosco\" class=\"ow-icon-placement-left ow-button-hover\" target=\"_blank\" rel=\"noopener noreferrer\" \t\t>\n\t\t<span>\n\t\t\t\n\t\t\tEntre em contato\t\t<\/span>\n\t<\/a>\n<\/div>\n<\/div><\/div><\/div><\/div><\/div><div id=\"pg-398-7\"  class=\"panel-grid panel-has-style\" ><div class=\"siteorigin-panels-stretch panel-row-style panel-row-style-for-398-7\" data-stretch-type=\"full-stretched-padded\" ><div id=\"pgc-398-7-0\"  class=\"panel-grid-cell\" ><div id=\"panel-398-7-0-0\" class=\"so-panel widget widget_sow-editor panel-first-child\" data-index=\"15\" ><div class=\"so-widget-sow-editor so-widget-sow-editor-base\">\n<div class=\"siteorigin-widget-tinymce textwidget\">\n\t<h2 data-aos=\"fade-left\">Acompanhamento em tempo real:<\/h2>\n<p data-aos=\"fade-left\">Saiba como est\u00e1 o andamento da sua loja atrav\u00e9s de gr\u00e1ficos de gerenciamento<br \/>\nContas a pagar, receber, fluxo de caixa, tudo ao seu alcance<br \/>\nSaiba qual hor\u00e1rio sua loja vende mais<\/p>\n<\/div>\n<\/div><\/div><div id=\"panel-398-7-0-1\" class=\"so-panel widget widget_sow-button panel-last-child\" data-index=\"16\" ><div class=\"so-widget-sow-button so-widget-sow-button-flat-5c9de4d82cbc\"><div class=\"ow-button-base ow-button-align-right\">\n\t<a href=\"https:\/\/www.gftecnologia.com.br\/entrar-em-contato-conosco\" class=\"ow-icon-placement-left ow-button-hover\" target=\"_blank\" rel=\"noopener noreferrer\" \t\t>\n\t\t<span>\n\t\t\t\n\t\t\tEntre em contato\t\t<\/span>\n\t<\/a>\n<\/div>\n<\/div><\/div><\/div><div id=\"pgc-398-7-1\"  class=\"panel-grid-cell\" ><div id=\"panel-398-7-1-0\" class=\"so-panel widget widget_sow-editor panel-first-child panel-last-child\" data-index=\"17\" ><div class=\"so-widget-sow-editor so-widget-sow-editor-base\">\n<div class=\"siteorigin-widget-tinymce textwidget\">\n\t<p><img decoding=\"async\" loading=\"lazy\" data-aos=\"fade-right\" class=\"alignright size-full wp-image-876\" src=\"https:\/\/gftecnologia.com.br\/sistema\/wp-content\/uploads\/2021\/05\/imgs_campeoes.png\" alt=\"\" width=\"930\" height=\"348\" srcset=\"https:\/\/gftecnologia.com.br\/sistema\/wp-content\/uploads\/2021\/05\/imgs_campeoes.png 930w, https:\/\/gftecnologia.com.br\/sistema\/wp-content\/uploads\/2021\/05\/imgs_campeoes-300x112.png 300w, https:\/\/gftecnologia.com.br\/sistema\/wp-content\/uploads\/2021\/05\/imgs_campeoes-768x287.png 768w\" sizes=\"(max-width: 930px) 100vw, 930px\" \/><\/p>\n<\/div>\n<\/div><\/div><\/div><\/div><\/div><div id=\"pg-398-8\"  class=\"panel-grid panel-has-style\" ><div class=\"siteorigin-panels-stretch panel-row-style panel-row-style-for-398-8\" id=\"dG\" data-stretch-type=\"full-stretched-padded\" ><div id=\"pgc-398-8-0\"  class=\"panel-grid-cell\" ><div id=\"panel-398-8-0-0\" class=\"so-panel widget widget_sow-editor panel-first-child panel-last-child\" data-index=\"18\" ><div class=\"so-widget-sow-editor so-widget-sow-editor-base\">\n<div class=\"siteorigin-widget-tinymce textwidget\">\n\t<p><img decoding=\"async\" loading=\"lazy\" data-aos=\"fade-left\" class=\"aligncenter size-full wp-image-891\" src=\"https:\/\/gftecnologia.com.br\/sistema\/wp-content\/uploads\/2021\/06\/sessoesBG_multiLoja.png\" alt=\"\" width=\"572\" height=\"348\" srcset=\"https:\/\/gftecnologia.com.br\/sistema\/wp-content\/uploads\/2021\/06\/sessoesBG_multiLoja.png 572w, https:\/\/gftecnologia.com.br\/sistema\/wp-content\/uploads\/2021\/06\/sessoesBG_multiLoja-300x183.png 300w\" sizes=\"(max-width: 572px) 100vw, 572px\" \/><\/p>\n<\/div>\n<\/div><\/div><\/div><div id=\"pgc-398-8-1\"  class=\"panel-grid-cell\" ><div id=\"panel-398-8-1-0\" class=\"so-panel widget widget_sow-editor panel-first-child\" data-index=\"19\" ><div class=\"panel-widget-style panel-widget-style-for-398-8-1-0\" ><div class=\"so-widget-sow-editor so-widget-sow-editor-base\">\n<div class=\"siteorigin-widget-tinymce textwidget\">\n\t<h2 data-aos=\"fade-right\">Controle de estoque matriz e multilojas:<\/h2>\n<p>Se voc\u00ea possui diversas lojas possu\u00edmos a solu\u00e7\u00e3o ideal:<\/p>\n<p>Tudo em um \u00fanico local. M\u00f3dulo multilojas de gerenciamento<br \/>\nUtilize o estoque remoto, centralize entregas e muito mais.<\/p>\n<\/div>\n<\/div><\/div><\/div><div id=\"panel-398-8-1-1\" class=\"so-panel widget widget_sow-button panel-last-child\" data-index=\"20\" ><div class=\"so-widget-sow-button so-widget-sow-button-flat-5c9de4d82cbc\"><div class=\"ow-button-base ow-button-align-left\">\n\t<a href=\"https:\/\/www.gftecnologia.com.br\/entrar-em-contato-conosco\" class=\"ow-icon-placement-left ow-button-hover\" target=\"_blank\" rel=\"noopener noreferrer\" \t\t>\n\t\t<span>\n\t\t\t\n\t\t\tEntre em contato\t\t<\/span>\n\t<\/a>\n<\/div>\n<\/div><\/div><\/div><\/div><\/div><div id=\"pg-398-9\"  class=\"panel-grid panel-has-style\" ><div class=\"siteorigin-panels-stretch panel-row-style panel-row-style-for-398-9\" data-stretch-type=\"full-stretched-padded\" ><div id=\"pgc-398-9-0\"  class=\"panel-grid-cell\" ><div id=\"panel-398-9-0-0\" class=\"so-panel widget widget_sow-editor panel-first-child\" data-index=\"21\" ><div class=\"so-widget-sow-editor so-widget-sow-editor-base\">\n<div class=\"siteorigin-widget-tinymce textwidget\">\n\t<h2 data-aos=\"fade-left\">Produtos campe\u00f5es de vendas:<\/h2>\n<p data-aos=\"fade-left\">Tenha o mapeamento da sua loja<br \/>\nProduto com maior rentabilidade, melhor gondola, melhores clientes.<br \/>\nEstat\u00edstica de venda por fabricante, setor, grupo, hor\u00e1rio de pico de venda e muito mais !!<\/p>\n<\/div>\n<\/div><\/div><div id=\"panel-398-9-0-1\" class=\"so-panel widget widget_sow-button panel-last-child\" data-index=\"22\" ><div class=\"so-widget-sow-button so-widget-sow-button-flat-5c9de4d82cbc\"><div class=\"ow-button-base ow-button-align-right\">\n\t<a href=\"https:\/\/www.gftecnologia.com.br\/entrar-em-contato-conosco\" class=\"ow-icon-placement-left ow-button-hover\" target=\"_blank\" rel=\"noopener noreferrer\" \t\t>\n\t\t<span>\n\t\t\t\n\t\t\tEntre em contato\t\t<\/span>\n\t<\/a>\n<\/div>\n<\/div><\/div><\/div><div id=\"pgc-398-9-1\"  class=\"panel-grid-cell\" ><div id=\"panel-398-9-1-0\" class=\"so-panel widget widget_sow-editor panel-first-child panel-last-child\" data-index=\"23\" ><div class=\"so-widget-sow-editor so-widget-sow-editor-base\">\n<div class=\"siteorigin-widget-tinymce textwidget\">\n\t<p><img decoding=\"async\" loading=\"lazy\" data-aos=\"fade-right\" class=\"alignright size-full wp-image-886\" src=\"https:\/\/gftecnologia.com.br\/sistema\/wp-content\/uploads\/2021\/06\/imgCampeao.png\" alt=\"\" width=\"1253\" height=\"348\" srcset=\"https:\/\/gftecnologia.com.br\/sistema\/wp-content\/uploads\/2021\/06\/imgCampeao.png 1253w, https:\/\/gftecnologia.com.br\/sistema\/wp-content\/uploads\/2021\/06\/imgCampeao-300x83.png 300w, https:\/\/gftecnologia.com.br\/sistema\/wp-content\/uploads\/2021\/06\/imgCampeao-768x213.png 768w, https:\/\/gftecnologia.com.br\/sistema\/wp-content\/uploads\/2021\/06\/imgCampeao-1024x284.png 1024w\" sizes=\"(max-width: 1253px) 100vw, 1253px\" \/><\/p>\n<\/div>\n<\/div><\/div><\/div><\/div><\/div><div id=\"pg-398-10\"  class=\"panel-grid panel-has-style\" ><div class=\"siteorigin-panels-stretch panel-row-style panel-row-style-for-398-10\" data-stretch-type=\"full-stretched-padded\" ><div id=\"pgc-398-10-0\"  class=\"panel-grid-cell\" ><div id=\"panel-398-10-0-0\" class=\"so-panel widget widget_sow-editor panel-first-child panel-last-child\" data-index=\"24\" ><div class=\"panel-widget-style panel-widget-style-for-398-10-0-0\" ><div class=\"so-widget-sow-editor so-widget-sow-editor-base\">\n<div class=\"siteorigin-widget-tinymce textwidget\">\n\t<h3 data-aos=\"fade-left\">N\u00e3o encontrou o que procura?<br \/>\n<a href=\"https:\/\/www.gftecnologia.com.br\/entrar-em-contato-conosco\">Fale Conosco&gt;&gt;<\/a><\/h3>\n<\/div>\n<\/div><\/div><\/div><\/div><div id=\"pgc-398-10-1\"  class=\"panel-grid-cell\" ><div id=\"panel-398-10-1-0\" class=\"so-panel widget widget_sow-editor panel-first-child\" data-index=\"25\" ><div class=\"so-widget-sow-editor so-widget-sow-editor-base\">\n<div class=\"siteorigin-widget-tinymce textwidget\">\n\t<p><img decoding=\"async\" loading=\"lazy\" class=\"aligncenter wp-image-903 size-thumbnail\" src=\"https:\/\/gftecnologia.com.br\/sistema\/wp-content\/uploads\/2021\/06\/telephoneIcon-150x150.png\" alt=\"\" width=\"150\" height=\"150\" data-aos=\"fade-up\" \/><\/p>\n<\/div>\n<\/div><\/div><div id=\"panel-398-10-1-1\" class=\"so-panel widget widget_sow-editor panel-last-child\" data-index=\"26\" ><div class=\"so-widget-sow-editor so-widget-sow-editor-base\">\n<div class=\"siteorigin-widget-tinymce textwidget\">\n\t<h3 data-aos=\"fade-up\" style=\"text-align: center;\">(11) 2476-9750<\/h3>\n<\/div>\n<\/div><\/div><\/div><div id=\"pgc-398-10-2\"  class=\"panel-grid-cell\" ><div id=\"panel-398-10-2-0\" class=\"so-panel widget widget_sow-editor panel-first-child\" data-index=\"27\" ><div class=\"so-widget-sow-editor so-widget-sow-editor-base\">\n<div class=\"siteorigin-widget-tinymce textwidget\">\n\t<p><img decoding=\"async\" loading=\"lazy\" class=\"aligncenter size-full wp-image-898\" src=\"https:\/\/gftecnologia.com.br\/sistema\/wp-content\/uploads\/2021\/06\/emailIcon.png\" alt=\"\" width=\"219\" height=\"128\" data-aos=\"fade-up\" \/><\/p>\n<\/div>\n<\/div><\/div><div id=\"panel-398-10-2-1\" class=\"so-panel widget widget_sow-editor panel-last-child\" data-index=\"28\" ><div class=\"so-widget-sow-editor so-widget-sow-editor-base\">\n<div class=\"siteorigin-widget-tinymce textwidget\">\n\t<h3 data-aos=\"fade-up\" style=\"text-align: center;\">comercial@gfinfo.com.br<\/h3>\n<\/div>\n<\/div><\/div><\/div><div id=\"pgc-398-10-3\"  class=\"panel-grid-cell\" ><div id=\"panel-398-10-3-0\" class=\"so-panel widget widget_sow-editor panel-first-child\" data-index=\"29\" ><div class=\"so-widget-sow-editor so-widget-sow-editor-base\">\n<div class=\"siteorigin-widget-tinymce textwidget\">\n\t<h3 data-aos=\"fade-up\" style=\"text-align: center;\">Ou nos encontre nas redes sociais:<\/h3>\n<\/div>\n<\/div><\/div><div id=\"panel-398-10-3-1\" class=\"so-panel widget widget_sow-editor panel-last-child\" data-index=\"30\" ><div class=\"so-widget-sow-editor so-widget-sow-editor-base\">\n<div class=\"siteorigin-widget-tinymce textwidget\">\n\t<p><a href=\"https:\/\/www.youtube.com\/user\/GFInfosolucoes\"><img decoding=\"async\" loading=\"lazy\" class=\"size-full wp-image-902 alignnone\" src=\"https:\/\/gftecnologia.com.br\/sistema\/wp-content\/uploads\/2021\/06\/iconYoutbe.png\" alt=\"\" width=\"97\" height=\"96\" data-aos=\"fade-left\" data-aos-delay=\"50\" \/><\/a> <a href=\"https:\/\/www.linkedin.com\/company\/gfinfo\/\"><img decoding=\"async\" loading=\"lazy\" class=\"size-full wp-image-901 alignnone\" src=\"https:\/\/gftecnologia.com.br\/sistema\/wp-content\/uploads\/2021\/06\/iconLinkedIn.png\" alt=\"\" width=\"97\" height=\"96\" data-aos=\"fade-left\" data-aos-delay=\"100\" \/><\/a> <a href=\"https:\/\/www.instagram.com\/gfinfotec\/\"><img decoding=\"async\" loading=\"lazy\" class=\"size-full wp-image-900 alignnone\" src=\"https:\/\/gftecnologia.com.br\/sistema\/wp-content\/uploads\/2021\/06\/iconInstagram.png\" alt=\"\" width=\"97\" height=\"96\" data-aos=\"fade-left\" data-aos-delay=\"150\" \/><\/a> <a href=\"https:\/\/www.facebook.com\/gfinfo\/\"><img decoding=\"async\" loading=\"lazy\" class=\"alignnone size-full wp-image-899\" src=\"https:\/\/gftecnologia.com.br\/sistema\/wp-content\/uploads\/2021\/06\/iconFacebook.png\" alt=\"\" width=\"97\" height=\"96\" data-aos=\"fade-left\" data-aos-delay=\"200\" \/><\/a><\/p>\n<\/div>\n<\/div><\/div><\/div><\/div><\/div><\/div>","protected":false},"excerpt":{"rendered":"<p>Venda em 3 cliques: Ideal para lojas de material para constru\u00e7\u00e3o; Cliente, produto e pagamento. Simples assim !! Emiss\u00e3o de or\u00e7amento, SAT e NF-e de maneira simples; O melhor para sua loja: Vendas com expedi\u00e7\u00e3o, controle de recibo em carteira, or\u00e7amento por e-mail e Whatsapp\u00a0 e muito mais.<\/p>\n","protected":false},"author":1,"featured_media":0,"parent":0,"menu_order":0,"comment_status":"closed","ping_status":"closed","template":"","meta":[],"_links":{"self":[{"href":"https:\/\/gftecnologia.com.br\/sistema\/wp-json\/wp\/v2\/pages\/398"}],"collection":[{"href":"https:\/\/gftecnologia.com.br\/sistema\/wp-json\/wp\/v2\/pages"}],"about":[{"href":"https:\/\/gftecnologia.com.br\/sistema\/wp-json\/wp\/v2\/types\/page"}],"author":[{"embeddable":true,"href":"https:\/\/gftecnologia.com.br\/sistema\/wp-json\/wp\/v2\/users\/1"}],"replies":[{"embeddable":true,"href":"https:\/\/gftecnologia.com.br\/sistema\/wp-json\/wp\/v2\/comments?post=398"}],"version-history":[{"count":96,"href":"https:\/\/gftecnologia.com.br\/sistema\/wp-json\/wp\/v2\/pages\/398\/revisions"}],"predecessor-version":[{"id":882,"href":"https:\/\/gftecnologia.com.br\/sistema\/wp-json\/wp\/v2\/pages\/398\/revisions\/882"}],"wp:attachment":[{"href":"https:\/\/gftecnologia.com.br\/sistema\/wp-json\/wp\/v2\/media?parent=398"}],"curies":[{"name":"wp","href":"https:\/\/api.w.org\/{rel}","templated":true}]}}